{"id":4497,"date":"2020-08-24T02:59:08","date_gmt":"2020-08-24T02:59:08","guid":{"rendered":"http:\/\/wpdemo.archiwp.com\/theratio\/?page_id=4497"},"modified":"2024-09-11T17:32:39","modified_gmt":"2024-09-11T17:32:39","slug":"404-2","status":"publish","type":"page","link":"https:\/\/madridcontentcity.com\/en\/404-2\/","title":{"rendered":"404"},"content":{"rendered":"<div data-elementor-type=\"wp-page\" data-elementor-id=\"4497\" class=\"elementor elementor-4497\" data-elementor-post-type=\"page\">\n\t\t\t\t\t\t<section class=\"elementor-section elementor-top-section elementor-element elementor-element-f04c529 elementor-section-height-full elementor-section-content-middle error-404 elementor-section-boxed elementor-section-height-default elementor-section-items-middle\" data-id=\"f04c529\" data-element_type=\"section\" data-settings=\"{&quot;background_background&quot;:&quot;classic&quot;}\">\n\t\t\t\t\t\t<div class=\"elementor-container elementor-column-gap-default\">\n\t\t\t\t\t<div class=\"elementor-column elementor-col-100 elementor-top-column elementor-element elementor-element-3989021\" data-id=\"3989021\" data-element_type=\"column\">\n\t\t\t<div class=\"elementor-widget-wrap elementor-element-populated\">\n\t\t\t\t\t\t<div class=\"elementor-element elementor-element-def7b00 elementor-fixed elementor-widget elementor-widget-ilogo\" data-id=\"def7b00\" data-element_type=\"widget\" data-settings=\"{&quot;_position&quot;:&quot;fixed&quot;}\" data-widget_type=\"ilogo.default\">\n\t\t\t\t<div class=\"elementor-widget-container\">\n\t\t\t\t\t\t\r\n\t    \t<div class=\"the-logo\">\r\n\t\t\t\t<a href=\"https:\/\/madridcontentcity.com\/en\/\">\r\n\t\t\t\t\t<img decoding=\"async\" src=\"https:\/\/madridcontentcity.com\/wp-content\/uploads\/2020\/03\/Logo-content-city-square.svg\" alt=\"Madrid Content City\">\r\n\t\t\t\t<\/a>\t\t\t        \r\n\t\t    <\/div>\r\n\t\t    \r\n\t    \t\t<\/div>\n\t\t\t\t<\/div>\n\t\t\t\t<div class=\"elementor-element elementor-element-4c80275 elementor-widget elementor-widget-heading\" data-id=\"4c80275\" data-element_type=\"widget\" data-widget_type=\"heading.default\">\n\t\t\t\t<div class=\"elementor-widget-container\">\n\t\t\t<h1 class=\"elementor-heading-title elementor-size-default\">404<\/h1>\t\t<\/div>\n\t\t\t\t<\/div>\n\t\t\t\t<div class=\"elementor-element elementor-element-70f1d62 elementor-widget elementor-widget-heading\" data-id=\"70f1d62\" data-element_type=\"widget\" data-widget_type=\"heading.default\">\n\t\t\t\t<div class=\"elementor-widget-container\">\n\t\t\t<h2 class=\"elementor-heading-title elementor-size-default\">\u00a1Lo sentimos! P\u00e1gina no encontrada<\/h2>\t\t<\/div>\n\t\t\t\t<\/div>\n\t\t\t\t<section class=\"elementor-section elementor-inner-section elementor-element elementor-element-3f2e2ea elementor-section-full_width elementor-section-height-default elementor-section-height-default\" data-id=\"3f2e2ea\" data-element_type=\"section\">\n\t\t\t\t\t\t<div class=\"elementor-container elementor-column-gap-no\">\n\t\t\t\t\t<div class=\"elementor-column elementor-col-33 elementor-inner-column elementor-element elementor-element-599fb24 ot-flex-column-vertical\" data-id=\"599fb24\" data-element_type=\"column\">\n\t\t\t<div class=\"elementor-widget-wrap\">\n\t\t\t\t\t\t\t<\/div>\n\t\t<\/div>\n\t\t\t\t<div class=\"elementor-column elementor-col-33 elementor-inner-column elementor-element elementor-element-409f172 ot-flex-column-vertical\" data-id=\"409f172\" data-element_type=\"column\">\n\t\t\t<div class=\"elementor-widget-wrap elementor-element-populated\">\n\t\t\t\t\t\t<div class=\"elementor-element elementor-element-efa3754 elementor-widget elementor-widget-text-editor\" data-id=\"efa3754\" data-element_type=\"widget\" data-widget_type=\"text-editor.default\">\n\t\t\t\t<div class=\"elementor-widget-container\">\n\t\t\t\t\t\t\t<p>Oops! La p\u00e1gina que busca no existe. Vuelva a la p\u00e1gina principal del sitio.<\/p>\t\t\t\t\t\t<\/div>\n\t\t\t\t<\/div>\n\t\t\t\t\t<\/div>\n\t\t<\/div>\n\t\t\t\t<div class=\"elementor-column elementor-col-33 elementor-inner-column elementor-element elementor-element-1ff472f ot-flex-column-vertical\" data-id=\"1ff472f\" data-element_type=\"column\">\n\t\t\t<div class=\"elementor-widget-wrap\">\n\t\t\t\t\t\t\t<\/div>\n\t\t<\/div>\n\t\t\t\t\t<\/div>\n\t\t<\/section>\n\t\t\t\t<div class=\"elementor-element elementor-element-5937da8 elementor-align-center elementor-widget elementor-widget-ibutton\" data-id=\"5937da8\" data-element_type=\"widget\" data-widget_type=\"ibutton.default\">\n\t\t\t\t<div class=\"elementor-widget-container\">\n\t\t\t\t\t<div class=\"ot-button\">\r\n\t\t\t<a href=\"\/en\/\" class=\"octf-btn octf-btn-light no-line\">VOLVER A LA HOME<\/a>\r\n\t    <\/div>\r\n\t    \t\t<\/div>\n\t\t\t\t<\/div>\n\t\t\t\t\t<\/div>\n\t\t<\/div>\n\t\t\t\t\t<\/div>\n\t\t<\/section>\n\t\t\t\t<\/div>","protected":false},"excerpt":{"rendered":"<p>404 \u00a1Lo sentimos! P\u00e1gina no encontrada Oops! La p\u00e1gina que busca no existe. Vuelva a la p\u00e1gina principal del sitio. VOLVER A LA HOME<\/p>","protected":false},"author":1,"featured_media":0,"parent":0,"menu_order":0,"comment_status":"closed","ping_status":"closed","template":"elementor_canvas","meta":{"_acf_changed":false,"footnotes":""},"class_list":["post-4497","page","type-page","status-publish","hentry"],"acf":[],"_links":{"self":[{"href":"https:\/\/madridcontentcity.com\/en\/wp-json\/wp\/v2\/pages\/4497"}],"collection":[{"href":"https:\/\/madridcontentcity.com\/en\/wp-json\/wp\/v2\/pages"}],"about":[{"href":"https:\/\/madridcontentcity.com\/en\/wp-json\/wp\/v2\/types\/page"}],"author":[{"embeddable":true,"href":"https:\/\/madridcontentcity.com\/en\/wp-json\/wp\/v2\/users\/1"}],"replies":[{"embeddable":true,"href":"https:\/\/madridcontentcity.com\/en\/wp-json\/wp\/v2\/comments?post=4497"}],"version-history":[{"count":9,"href":"https:\/\/madridcontentcity.com\/en\/wp-json\/wp\/v2\/pages\/4497\/revisions"}],"predecessor-version":[{"id":5397,"href":"https:\/\/madridcontentcity.com\/en\/wp-json\/wp\/v2\/pages\/4497\/revisions\/5397"}],"wp:attachment":[{"href":"https:\/\/madridcontentcity.com\/en\/wp-json\/wp\/v2\/media?parent=4497"}],"curies":[{"name":"wp","href":"https:\/\/api.w.org\/{rel}","templated":true}]}}