{"id":5814,"date":"2024-09-19T18:44:33","date_gmt":"2024-09-19T16:44:33","guid":{"rendered":"https:\/\/madridcontentcity.com\/?page_id=5814"},"modified":"2025-06-27T12:39:07","modified_gmt":"2025-06-27T11:39:07","slug":"servicios","status":"publish","type":"page","link":"https:\/\/madridcontentcity.com\/en\/servicios\/","title":{"rendered":"Servicios"},"content":{"rendered":"<div data-elementor-type=\"wp-page\" data-elementor-id=\"5814\" class=\"elementor elementor-5814\" data-elementor-post-type=\"page\">\n\t\t\t\t\t\t<section class=\"elementor-section elementor-top-section elementor-element elementor-element-8c6d42f elementor-section-boxed elementor-section-height-default elementor-section-height-default\" data-id=\"8c6d42f\" data-element_type=\"section\" data-settings=\"{&quot;background_background&quot;:&quot;classic&quot;}\">\n\t\t\t\t\t\t<div class=\"elementor-container elementor-column-gap-default\">\n\t\t\t\t\t<div class=\"elementor-column elementor-col-100 elementor-top-column elementor-element elementor-element-3bcffa5 ot-flex-column-vertical\" data-id=\"3bcffa5\" data-element_type=\"column\">\n\t\t\t<div class=\"elementor-widget-wrap elementor-element-populated\">\n\t\t\t\t\t\t<section class=\"elementor-section elementor-inner-section elementor-element elementor-element-2e93fd3 elementor-section-full_width elementor-section-height-default elementor-section-height-default\" data-id=\"2e93fd3\" data-element_type=\"section\">\n\t\t\t\t\t\t<div class=\"elementor-container elementor-column-gap-default\">\n\t\t\t\t\t<div class=\"elementor-column elementor-col-50 elementor-inner-column elementor-element elementor-element-b3aaf74 ot-flex-column-vertical\" data-id=\"b3aaf74\" data-element_type=\"column\">\n\t\t\t<div class=\"elementor-widget-wrap elementor-element-populated\">\n\t\t\t\t\t\t<div class=\"elementor-element elementor-element-15f94d1 elementor-widget elementor-widget-heading\" data-id=\"15f94d1\" data-element_type=\"widget\" data-widget_type=\"heading.default\">\n\t\t\t\t<div class=\"elementor-widget-container\">\n\t\t\t<h2 class=\"elementor-heading-title elementor-size-default\">Servicios auxiliares de calidad y equipos especializados.<\/h2>\t\t<\/div>\n\t\t\t\t<\/div>\n\t\t\t\t<div class=\"elementor-element elementor-element-bd0bb9a slogan-vertical elementor-widget__width-auto elementor-absolute elementor-hidden-tablet elementor-hidden-phone elementor-widget elementor-widget-text-editor\" data-id=\"bd0bb9a\" data-element_type=\"widget\" data-settings=\"{&quot;_position&quot;:&quot;absolute&quot;}\" data-widget_type=\"text-editor.default\">\n\t\t\t\t<div class=\"elementor-widget-container\">\n\t\t\t\t\t\t\t<p>we will help you to build a dream<\/p>\t\t\t\t\t\t<\/div>\n\t\t\t\t<\/div>\n\t\t\t\t\t<\/div>\n\t\t<\/div>\n\t\t\t\t<div class=\"elementor-column elementor-col-50 elementor-inner-column elementor-element elementor-element-06bba98 elementor-hidden-desktop elementor-hidden-tablet elementor-hidden-phone ot-flex-column-vertical\" data-id=\"06bba98\" data-element_type=\"column\">\n\t\t\t<div class=\"elementor-widget-wrap\">\n\t\t\t\t\t\t\t<\/div>\n\t\t<\/div>\n\t\t\t\t\t<\/div>\n\t\t<\/section>\n\t\t\t\t\t<\/div>\n\t\t<\/div>\n\t\t\t\t\t<\/div>\n\t\t<\/section>\n\t\t\t\t<section class=\"elementor-section elementor-top-section elementor-element elementor-element-8744844 elementor-section-full_width elementor-section-content-middle elementor-section-height-default elementor-section-height-default\" data-id=\"8744844\" data-element_type=\"section\">\n\t\t\t\t\t\t<div class=\"elementor-container elementor-column-gap-no\">\n\t\t\t\t\t<div class=\"elementor-column elementor-col-50 elementor-top-column elementor-element elementor-element-8fbb37d ot-flex-column-vertical\" data-id=\"8fbb37d\" data-element_type=\"column\" data-settings=\"{&quot;background_background&quot;:&quot;classic&quot;}\">\n\t\t\t<div class=\"elementor-widget-wrap elementor-element-populated\">\n\t\t\t\t\t\t<section class=\"elementor-section elementor-inner-section elementor-element elementor-element-f409c7f elementor-section-boxed elementor-section-height-default elementor-section-height-default\" data-id=\"f409c7f\" data-element_type=\"section\">\n\t\t\t\t\t\t<div class=\"elementor-container elementor-column-gap-default\">\n\t\t\t\t\t<div class=\"elementor-column elementor-col-100 elementor-inner-column elementor-element elementor-element-c49b3d7 ot-flex-column-vertical\" data-id=\"c49b3d7\" data-element_type=\"column\">\n\t\t\t<div class=\"elementor-widget-wrap elementor-element-populated\">\n\t\t\t\t\t\t<div class=\"elementor-element elementor-element-277ffa2 elementor-widget elementor-widget-iheading\" data-id=\"277ffa2\" data-element_type=\"widget\" data-widget_type=\"iheading.default\">\n\t\t\t\t<div class=\"elementor-widget-container\">\n\t\t\t\t\t<div class=\"ot-heading is-dots\">\r\n\t        \t        <h2 class=\"main-heading\">Mantenimiento<\/h2>\t    <\/div>\r\n\t    \t\t<\/div>\n\t\t\t\t<\/div>\n\t\t\t\t<div class=\"elementor-element elementor-element-6409cb0 elementor-widget elementor-widget-text-editor\" data-id=\"6409cb0\" data-element_type=\"widget\" data-widget_type=\"text-editor.default\">\n\t\t\t\t<div class=\"elementor-widget-container\">\n\t\t\t\t\t\t\t<p>Un equipo t\u00e9cnico especializado asegura el correcto funcionamiento de todos los sistemas, equipos e infraestructuras del <em>hub <\/em>audiovisual. A trav\u00e9s de revisiones peri\u00f3dicas, mantenimiento preventivo y actualizaciones tecnol\u00f3gicas, se asegura que cada espacio y herramienta est\u00e9n en condiciones \u00f3ptimas para su uso. El personal t\u00e9cnico garantiza una intervenci\u00f3n \u00e1gil y eficiente frente a cualquier imprevisto.<\/p>\t\t\t\t\t\t<\/div>\n\t\t\t\t<\/div>\n\t\t\t\t\t<\/div>\n\t\t<\/div>\n\t\t\t\t\t<\/div>\n\t\t<\/section>\n\t\t\t\t\t<\/div>\n\t\t<\/div>\n\t\t\t\t<div class=\"elementor-column elementor-col-50 elementor-top-column elementor-element elementor-element-9b0100e ot-flex-column-vertical\" data-id=\"9b0100e\" data-element_type=\"column\">\n\t\t\t<div class=\"elementor-widget-wrap elementor-element-populated\">\n\t\t\t\t\t\t<div class=\"elementor-element elementor-element-2f2b1ad elementor-widget elementor-widget-image\" data-id=\"2f2b1ad\" data-element_type=\"widget\" data-widget_type=\"image.default\">\n\t\t\t\t<div class=\"elementor-widget-container\">\n\t\t\t\t\t\t\t\t\t\t\t\t\t<img fetchpriority=\"high\" decoding=\"async\" width=\"2560\" height=\"1132\" src=\"https:\/\/madridcontentcity.com\/wp-content\/uploads\/2024\/06\/DSC07892-scaled.jpg\" class=\"attachment-full size-full wp-image-6423\" alt=\"\" srcset=\"https:\/\/madridcontentcity.com\/wp-content\/uploads\/2024\/06\/DSC07892-scaled.jpg 2560w, https:\/\/madridcontentcity.com\/wp-content\/uploads\/2024\/06\/DSC07892-300x133.jpg 300w, https:\/\/madridcontentcity.com\/wp-content\/uploads\/2024\/06\/DSC07892-1024x453.jpg 1024w, https:\/\/madridcontentcity.com\/wp-content\/uploads\/2024\/06\/DSC07892-768x340.jpg 768w, https:\/\/madridcontentcity.com\/wp-content\/uploads\/2024\/06\/DSC07892-1536x679.jpg 1536w, https:\/\/madridcontentcity.com\/wp-content\/uploads\/2024\/06\/DSC07892-2048x906.jpg 2048w, https:\/\/madridcontentcity.com\/wp-content\/uploads\/2024\/06\/DSC07892-18x8.jpg 18w\" sizes=\"(max-width: 2560px) 100vw, 2560px\" \/>\t\t\t\t\t\t\t\t\t\t\t\t\t<\/div>\n\t\t\t\t<\/div>\n\t\t\t\t\t<\/div>\n\t\t<\/div>\n\t\t\t\t\t<\/div>\n\t\t<\/section>\n\t\t\t\t<section class=\"elementor-section elementor-top-section elementor-element elementor-element-4dce02e elementor-section-full_width elementor-section-content-middle elementor-reverse-tablet elementor-reverse-mobile elementor-section-height-default elementor-section-height-default\" data-id=\"4dce02e\" data-element_type=\"section\">\n\t\t\t\t\t\t<div class=\"elementor-container elementor-column-gap-no\">\n\t\t\t\t\t<div class=\"elementor-column elementor-col-50 elementor-top-column elementor-element elementor-element-079ee92 ot-flex-column-vertical\" data-id=\"079ee92\" data-element_type=\"column\">\n\t\t\t<div class=\"elementor-widget-wrap elementor-element-populated\">\n\t\t\t\t\t\t<div class=\"elementor-element elementor-element-2edb1ac elementor-widget elementor-widget-image\" data-id=\"2edb1ac\" data-element_type=\"widget\" data-widget_type=\"image.default\">\n\t\t\t\t<div class=\"elementor-widget-container\">\n\t\t\t\t\t\t\t\t\t\t\t\t\t<img decoding=\"async\" width=\"720\" height=\"720\" src=\"https:\/\/madridcontentcity.com\/wp-content\/uploads\/2024\/06\/DSC07885-720x720.jpg\" class=\"attachment-theratio-portfolio-thumbnail-grid size-theratio-portfolio-thumbnail-grid wp-image-6422\" alt=\"\" srcset=\"https:\/\/madridcontentcity.com\/wp-content\/uploads\/2024\/06\/DSC07885-720x720.jpg 720w, https:\/\/madridcontentcity.com\/wp-content\/uploads\/2024\/06\/DSC07885-150x150.jpg 150w\" sizes=\"(max-width: 720px) 100vw, 720px\" \/>\t\t\t\t\t\t\t\t\t\t\t\t\t<\/div>\n\t\t\t\t<\/div>\n\t\t\t\t\t<\/div>\n\t\t<\/div>\n\t\t\t\t<div class=\"elementor-column elementor-col-50 elementor-top-column elementor-element elementor-element-ed0d1b8 ot-flex-column-vertical\" data-id=\"ed0d1b8\" data-element_type=\"column\" data-settings=\"{&quot;background_background&quot;:&quot;classic&quot;}\">\n\t\t\t<div class=\"elementor-widget-wrap elementor-element-populated\">\n\t\t\t\t\t\t<section class=\"elementor-section elementor-inner-section elementor-element elementor-element-7ee38f7 elementor-section-boxed elementor-section-height-default elementor-section-height-default\" data-id=\"7ee38f7\" data-element_type=\"section\">\n\t\t\t\t\t\t<div class=\"elementor-container elementor-column-gap-default\">\n\t\t\t\t\t<div class=\"elementor-column elementor-col-100 elementor-inner-column elementor-element elementor-element-38d1f95 ot-flex-column-vertical\" data-id=\"38d1f95\" data-element_type=\"column\">\n\t\t\t<div class=\"elementor-widget-wrap elementor-element-populated\">\n\t\t\t\t\t\t<div class=\"elementor-element elementor-element-fc58ef7 elementor-widget elementor-widget-iheading\" data-id=\"fc58ef7\" data-element_type=\"widget\" data-widget_type=\"iheading.default\">\n\t\t\t\t<div class=\"elementor-widget-container\">\n\t\t\t\t\t<div class=\"ot-heading is-dots\">\r\n\t        \t        <h2 class=\"main-heading\">Cuidado integral del entorno<\/h2>\t    <\/div>\r\n\t    \t\t<\/div>\n\t\t\t\t<\/div>\n\t\t\t\t<div class=\"elementor-element elementor-element-9d9fcbe elementor-widget elementor-widget-text-editor\" data-id=\"9d9fcbe\" data-element_type=\"widget\" data-widget_type=\"text-editor.default\">\n\t\t\t\t<div class=\"elementor-widget-container\">\n\t\t\t\t\t\t\t<p>Todos los espacios del <em>hub <\/em>audiovisual se mantienen en condiciones \u00f3ptimas gracias a un servicio especializado que garantiza la limpieza y el orden tanto en zonas de producci\u00f3n como en oficinas. Esta atenci\u00f3n resulta especialmente relevante en \u00e1reas donde se manipulan equipos sensibles, asegurando un entorno seguro, confortable y eficiente. El mantenimiento diario o personalizado se adapta a las din\u00e1micas del centro, preservando la calidad de estudios, salas de edici\u00f3n y espacios comunes, y contribuyendo al bienestar de todos los profesionales que trabajan en el centro de producci\u00f3n.<\/p>\t\t\t\t\t\t<\/div>\n\t\t\t\t<\/div>\n\t\t\t\t\t<\/div>\n\t\t<\/div>\n\t\t\t\t\t<\/div>\n\t\t<\/section>\n\t\t\t\t\t<\/div>\n\t\t<\/div>\n\t\t\t\t\t<\/div>\n\t\t<\/section>\n\t\t\t\t<section class=\"elementor-section elementor-top-section elementor-element elementor-element-9d297c1 elementor-section-boxed elementor-section-height-default elementor-section-height-default\" data-id=\"9d297c1\" data-element_type=\"section\">\n\t\t\t\t\t\t<div class=\"elementor-container elementor-column-gap-extended\">\n\t\t\t\t\t<div class=\"elementor-column elementor-col-50 elementor-top-column elementor-element elementor-element-bbae136 ot-flex-column-vertical\" data-id=\"bbae136\" data-element_type=\"column\">\n\t\t\t<div class=\"elementor-widget-wrap elementor-element-populated\">\n\t\t\t\t\t\t<div class=\"elementor-element elementor-element-bdcbad3 elementor-widget elementor-widget-iheading\" data-id=\"bdcbad3\" data-element_type=\"widget\" data-widget_type=\"iheading.default\">\n\t\t\t\t<div class=\"elementor-widget-container\">\n\t\t\t\t\t<div class=\"ot-heading\">\r\n\t        \t        <h2 class=\"main-heading\">Seguridad<\/h2>\t    <\/div>\r\n\t    \t\t<\/div>\n\t\t\t\t<\/div>\n\t\t\t\t<div class=\"elementor-element elementor-element-caeb76f elementor-widget elementor-widget-text-editor\" data-id=\"caeb76f\" data-element_type=\"widget\" data-widget_type=\"text-editor.default\">\n\t\t\t\t<div class=\"elementor-widget-container\">\n\t\t\t\t\t\t\t<p>El servicio de seguridad ofrece protecci\u00f3n integral las 24 horas del d\u00eda. Se implementan sistemas de videovigilancia avanzada, control de acceso para el personal y visitantes, y patrullajes en las \u00e1reas m\u00e1s sensibles del <em>hub<\/em>. El personal de seguridad est\u00e1 altamente entrenado para manejar cualquier tipo de situaci\u00f3n de riesgo, asegurando la integridad de las personas, los equipos y la infraestructura. Adem\u00e1s, cuenta con tecnolog\u00eda de monitoreo remoto, alertas y respuestas r\u00e1pidas ante posibles incidentes, garantizando un entorno seguro para todos los usuarios.<\/p>\t\t\t\t\t\t<\/div>\n\t\t\t\t<\/div>\n\t\t\t\t\t<\/div>\n\t\t<\/div>\n\t\t\t\t<div class=\"elementor-column elementor-col-50 elementor-top-column elementor-element elementor-element-19d904b ot-flex-column-vertical\" data-id=\"19d904b\" data-element_type=\"column\">\n\t\t\t<div class=\"elementor-widget-wrap elementor-element-populated\">\n\t\t\t\t\t\t<div class=\"elementor-element elementor-element-465edf4 elementor-widget elementor-widget-image\" data-id=\"465edf4\" data-element_type=\"widget\" data-widget_type=\"image.default\">\n\t\t\t\t<div class=\"elementor-widget-container\">\n\t\t\t\t\t\t\t\t\t\t\t\t\t<img decoding=\"async\" width=\"2560\" height=\"1917\" src=\"https:\/\/madridcontentcity.com\/wp-content\/uploads\/2024\/09\/DSC07960_edited-scaled.jpg\" class=\"attachment-full size-full wp-image-6149\" alt=\"\" srcset=\"https:\/\/madridcontentcity.com\/wp-content\/uploads\/2024\/09\/DSC07960_edited-scaled.jpg 2560w, https:\/\/madridcontentcity.com\/wp-content\/uploads\/2024\/09\/DSC07960_edited-300x225.jpg 300w, https:\/\/madridcontentcity.com\/wp-content\/uploads\/2024\/09\/DSC07960_edited-1024x767.jpg 1024w, https:\/\/madridcontentcity.com\/wp-content\/uploads\/2024\/09\/DSC07960_edited-768x575.jpg 768w, https:\/\/madridcontentcity.com\/wp-content\/uploads\/2024\/09\/DSC07960_edited-1536x1150.jpg 1536w, https:\/\/madridcontentcity.com\/wp-content\/uploads\/2024\/09\/DSC07960_edited-2048x1534.jpg 2048w, https:\/\/madridcontentcity.com\/wp-content\/uploads\/2024\/09\/DSC07960_edited-16x12.jpg 16w\" sizes=\"(max-width: 2560px) 100vw, 2560px\" \/>\t\t\t\t\t\t\t\t\t\t\t\t\t<\/div>\n\t\t\t\t<\/div>\n\t\t\t\t\t<\/div>\n\t\t<\/div>\n\t\t\t\t\t<\/div>\n\t\t<\/section>\n\t\t<div class=\"elementor-element elementor-element-0813382 e-con-full e-flex e-con e-parent\" data-id=\"0813382\" data-element_type=\"container\">\n\t\t\t\t<\/div>\n\t\t\t\t<\/div>","protected":false},"excerpt":{"rendered":"<p>Servicios auxiliares de calidad y equipos especializados. we will help you to build a dream Mantenimiento Un equipo t\u00e9cnico especializado asegura el correcto funcionamiento de todos los sistemas, equipos e infraestructuras del hub audiovisual. A trav\u00e9s de revisiones peri\u00f3dicas, mantenimiento preventivo y actualizaciones tecnol\u00f3gicas, se asegura que cada espacio y herramienta est\u00e9n en condiciones \u00f3ptimas [&hellip;]<\/p>","protected":false},"author":2,"featured_media":0,"parent":0,"menu_order":0,"comment_status":"closed","ping_status":"closed","template":"elementor_theme","meta":{"_acf_changed":false,"footnotes":""},"class_list":["post-5814","page","type-page","status-publish","hentry"],"acf":[],"_links":{"self":[{"href":"https:\/\/madridcontentcity.com\/en\/wp-json\/wp\/v2\/pages\/5814"}],"collection":[{"href":"https:\/\/madridcontentcity.com\/en\/wp-json\/wp\/v2\/pages"}],"about":[{"href":"https:\/\/madridcontentcity.com\/en\/wp-json\/wp\/v2\/types\/page"}],"author":[{"embeddable":true,"href":"https:\/\/madridcontentcity.com\/en\/wp-json\/wp\/v2\/users\/2"}],"replies":[{"embeddable":true,"href":"https:\/\/madridcontentcity.com\/en\/wp-json\/wp\/v2\/comments?post=5814"}],"version-history":[{"count":64,"href":"https:\/\/madridcontentcity.com\/en\/wp-json\/wp\/v2\/pages\/5814\/revisions"}],"predecessor-version":[{"id":7008,"href":"https:\/\/madridcontentcity.com\/en\/wp-json\/wp\/v2\/pages\/5814\/revisions\/7008"}],"wp:attachment":[{"href":"https:\/\/madridcontentcity.com\/en\/wp-json\/wp\/v2\/media?parent=5814"}],"curies":[{"name":"wp","href":"https:\/\/api.w.org\/{rel}","templated":true}]}}