{"id":5931,"date":"2024-09-20T17:41:57","date_gmt":"2024-09-20T15:41:57","guid":{"rendered":"https:\/\/madridcontentcity.com\/?page_id=5931"},"modified":"2025-06-27T12:36:43","modified_gmt":"2025-06-27T11:36:43","slug":"instalaciones","status":"publish","type":"page","link":"https:\/\/madridcontentcity.com\/en\/instalaciones\/","title":{"rendered":"Instalaciones"},"content":{"rendered":"<div data-elementor-type=\"wp-page\" data-elementor-id=\"5931\" class=\"elementor elementor-5931\" data-elementor-post-type=\"page\">\n\t\t\t\t\t\t<section class=\"elementor-section elementor-top-section elementor-element elementor-element-8c6d42f elementor-section-boxed elementor-section-height-default elementor-section-height-default\" data-id=\"8c6d42f\" data-element_type=\"section\" data-settings=\"{&quot;background_background&quot;:&quot;classic&quot;}\">\n\t\t\t\t\t\t<div class=\"elementor-container elementor-column-gap-default\">\n\t\t\t\t\t<div class=\"elementor-column elementor-col-100 elementor-top-column elementor-element elementor-element-3bcffa5 ot-flex-column-vertical\" data-id=\"3bcffa5\" data-element_type=\"column\">\n\t\t\t<div class=\"elementor-widget-wrap elementor-element-populated\">\n\t\t\t\t\t\t<section class=\"elementor-section elementor-inner-section elementor-element elementor-element-2e93fd3 elementor-section-full_width elementor-section-height-default elementor-section-height-default\" data-id=\"2e93fd3\" data-element_type=\"section\">\n\t\t\t\t\t\t<div class=\"elementor-container elementor-column-gap-default\">\n\t\t\t\t\t<div class=\"elementor-column elementor-col-50 elementor-inner-column elementor-element elementor-element-b3aaf74 ot-flex-column-vertical\" data-id=\"b3aaf74\" data-element_type=\"column\">\n\t\t\t<div class=\"elementor-widget-wrap elementor-element-populated\">\n\t\t\t\t\t\t<div class=\"elementor-element elementor-element-15f94d1 elementor-widget elementor-widget-heading\" data-id=\"15f94d1\" data-element_type=\"widget\" data-widget_type=\"heading.default\">\n\t\t\t\t<div class=\"elementor-widget-container\">\n\t\t\t<h2 class=\"elementor-heading-title elementor-size-default\">Las mejores instalaciones para la producci\u00f3n audiovisual<\/h2>\t\t<\/div>\n\t\t\t\t<\/div>\n\t\t\t\t<div class=\"elementor-element elementor-element-bd0bb9a slogan-vertical elementor-widget__width-auto elementor-absolute elementor-hidden-tablet elementor-hidden-phone elementor-widget elementor-widget-text-editor\" data-id=\"bd0bb9a\" data-element_type=\"widget\" data-settings=\"{&quot;_position&quot;:&quot;absolute&quot;}\" data-widget_type=\"text-editor.default\">\n\t\t\t\t<div class=\"elementor-widget-container\">\n\t\t\t\t\t\t\t<p>we will help you to build a dream<\/p>\t\t\t\t\t\t<\/div>\n\t\t\t\t<\/div>\n\t\t\t\t\t<\/div>\n\t\t<\/div>\n\t\t\t\t<div class=\"elementor-column elementor-col-50 elementor-inner-column elementor-element elementor-element-06bba98 elementor-hidden-desktop elementor-hidden-tablet elementor-hidden-phone ot-flex-column-vertical\" data-id=\"06bba98\" data-element_type=\"column\">\n\t\t\t<div class=\"elementor-widget-wrap\">\n\t\t\t\t\t\t\t<\/div>\n\t\t<\/div>\n\t\t\t\t\t<\/div>\n\t\t<\/section>\n\t\t\t\t\t<\/div>\n\t\t<\/div>\n\t\t\t\t\t<\/div>\n\t\t<\/section>\n\t\t\t\t<section class=\"elementor-section elementor-top-section elementor-element elementor-element-06709ca elementor-section-boxed elementor-section-height-default elementor-section-height-default\" data-id=\"06709ca\" data-element_type=\"section\" data-settings=\"{&quot;background_background&quot;:&quot;classic&quot;}\">\n\t\t\t\t\t\t<div class=\"elementor-container elementor-column-gap-extended\">\n\t\t\t\t\t<div class=\"elementor-column elementor-col-25 elementor-top-column elementor-element elementor-element-8dd1adb ot-flex-column-vertical\" data-id=\"8dd1adb\" data-element_type=\"column\">\n\t\t\t<div class=\"elementor-widget-wrap elementor-element-populated\">\n\t\t\t\t\t\t<div class=\"elementor-element elementor-element-a39f3c5 elementor-widget__width-auto elementor-widget-divider--view-line elementor-widget elementor-widget-divider\" data-id=\"a39f3c5\" data-element_type=\"widget\" data-widget_type=\"divider.default\">\n\t\t\t\t<div class=\"elementor-widget-container\">\n\t\t\t\t\t<div class=\"elementor-divider\">\n\t\t\t<span class=\"elementor-divider-separator\">\n\t\t\t\t\t\t<\/span>\n\t\t<\/div>\n\t\t\t\t<\/div>\n\t\t\t\t<\/div>\n\t\t\t\t<div class=\"elementor-element elementor-element-2acd7e0 elementor-widget__width-auto elementor-widget elementor-widget-heading\" data-id=\"2acd7e0\" data-element_type=\"widget\" data-widget_type=\"heading.default\">\n\t\t\t\t<div class=\"elementor-widget-container\">\n\t\t\t<h6 class=\"elementor-heading-title elementor-size-default\">01.<\/h6>\t\t<\/div>\n\t\t\t\t<\/div>\n\t\t\t\t<div class=\"elementor-element elementor-element-6643a7d elementor-widget elementor-widget-text-editor\" data-id=\"6643a7d\" data-element_type=\"widget\" data-widget_type=\"text-editor.default\">\n\t\t\t\t<div class=\"elementor-widget-container\">\n\t\t\t\t\t\t\t<p>Estudios, naves y edificios de oficinas<\/p>\t\t\t\t\t\t<\/div>\n\t\t\t\t<\/div>\n\t\t\t\t\t<\/div>\n\t\t<\/div>\n\t\t\t\t<div class=\"elementor-column elementor-col-25 elementor-top-column elementor-element elementor-element-2fb1b0c ot-flex-column-vertical\" data-id=\"2fb1b0c\" data-element_type=\"column\">\n\t\t\t<div class=\"elementor-widget-wrap elementor-element-populated\">\n\t\t\t\t\t\t<div class=\"elementor-element elementor-element-d067d13 elementor-widget__width-auto elementor-widget-divider--view-line elementor-widget elementor-widget-divider\" data-id=\"d067d13\" data-element_type=\"widget\" data-widget_type=\"divider.default\">\n\t\t\t\t<div class=\"elementor-widget-container\">\n\t\t\t\t\t<div class=\"elementor-divider\">\n\t\t\t<span class=\"elementor-divider-separator\">\n\t\t\t\t\t\t<\/span>\n\t\t<\/div>\n\t\t\t\t<\/div>\n\t\t\t\t<\/div>\n\t\t\t\t<div class=\"elementor-element elementor-element-7aa9430 elementor-widget__width-auto elementor-widget elementor-widget-heading\" data-id=\"7aa9430\" data-element_type=\"widget\" data-widget_type=\"heading.default\">\n\t\t\t\t<div class=\"elementor-widget-container\">\n\t\t\t<h6 class=\"elementor-heading-title elementor-size-default\">02.<\/h6>\t\t<\/div>\n\t\t\t\t<\/div>\n\t\t\t\t<div class=\"elementor-element elementor-element-c561c0d elementor-widget elementor-widget-text-editor\" data-id=\"c561c0d\" data-element_type=\"widget\" data-widget_type=\"text-editor.default\">\n\t\t\t\t<div class=\"elementor-widget-container\">\n\t\t\t\t\t\t\t<p class=\"p1\">Universidad y residencia de estudiantes<\/p>\t\t\t\t\t\t<\/div>\n\t\t\t\t<\/div>\n\t\t\t\t\t<\/div>\n\t\t<\/div>\n\t\t\t\t<div class=\"elementor-column elementor-col-25 elementor-top-column elementor-element elementor-element-ff513e8 ot-flex-column-vertical\" data-id=\"ff513e8\" data-element_type=\"column\">\n\t\t\t<div class=\"elementor-widget-wrap elementor-element-populated\">\n\t\t\t\t\t\t<div class=\"elementor-element elementor-element-d8b33fc elementor-widget__width-auto elementor-widget-divider--view-line elementor-widget elementor-widget-divider\" data-id=\"d8b33fc\" data-element_type=\"widget\" data-widget_type=\"divider.default\">\n\t\t\t\t<div class=\"elementor-widget-container\">\n\t\t\t\t\t<div class=\"elementor-divider\">\n\t\t\t<span class=\"elementor-divider-separator\">\n\t\t\t\t\t\t<\/span>\n\t\t<\/div>\n\t\t\t\t<\/div>\n\t\t\t\t<\/div>\n\t\t\t\t<div class=\"elementor-element elementor-element-e6b1ab8 elementor-widget__width-auto elementor-widget elementor-widget-heading\" data-id=\"e6b1ab8\" data-element_type=\"widget\" data-widget_type=\"heading.default\">\n\t\t\t\t<div class=\"elementor-widget-container\">\n\t\t\t<h6 class=\"elementor-heading-title elementor-size-default\">03.<\/h6>\t\t<\/div>\n\t\t\t\t<\/div>\n\t\t\t\t<div class=\"elementor-element elementor-element-0e13046 elementor-widget elementor-widget-text-editor\" data-id=\"0e13046\" data-element_type=\"widget\" data-widget_type=\"text-editor.default\">\n\t\t\t\t<div class=\"elementor-widget-container\">\n\t\t\t\t\t\t\t<p>Restaurantes, gimnasio y servicios auxiliares<\/p>\t\t\t\t\t\t<\/div>\n\t\t\t\t<\/div>\n\t\t\t\t\t<\/div>\n\t\t<\/div>\n\t\t\t\t<div class=\"elementor-column elementor-col-25 elementor-top-column elementor-element elementor-element-7456a13 elementor-hidden-desktop elementor-hidden-tablet elementor-hidden-phone ot-flex-column-vertical\" data-id=\"7456a13\" data-element_type=\"column\">\n\t\t\t<div class=\"elementor-widget-wrap\">\n\t\t\t\t\t\t\t<\/div>\n\t\t<\/div>\n\t\t\t\t\t<\/div>\n\t\t<\/section>\n\t\t\t\t<section class=\"elementor-section elementor-top-section elementor-element elementor-element-8744844 elementor-section-full_width elementor-section-content-middle elementor-section-height-default elementor-section-height-default\" data-id=\"8744844\" data-element_type=\"section\">\n\t\t\t\t\t\t<div class=\"elementor-container elementor-column-gap-no\">\n\t\t\t\t\t<div class=\"elementor-column elementor-col-50 elementor-top-column elementor-element elementor-element-74d18e9 ot-flex-column-vertical\" data-id=\"74d18e9\" data-element_type=\"column\" data-settings=\"{&quot;background_background&quot;:&quot;classic&quot;}\">\n\t\t\t<div class=\"elementor-widget-wrap elementor-element-populated\">\n\t\t\t\t\t\t<section class=\"elementor-section elementor-inner-section elementor-element elementor-element-ce61d28 elementor-section-boxed elementor-section-height-default elementor-section-height-default\" data-id=\"ce61d28\" data-element_type=\"section\">\n\t\t\t\t\t\t<div class=\"elementor-container elementor-column-gap-default\">\n\t\t\t\t\t<div class=\"elementor-column elementor-col-100 elementor-inner-column elementor-element elementor-element-eee160a ot-flex-column-vertical\" data-id=\"eee160a\" data-element_type=\"column\">\n\t\t\t<div class=\"elementor-widget-wrap elementor-element-populated\">\n\t\t\t\t\t\t<div class=\"elementor-element elementor-element-f5722fa elementor-widget elementor-widget-iheading\" data-id=\"f5722fa\" data-element_type=\"widget\" data-widget_type=\"iheading.default\">\n\t\t\t\t<div class=\"elementor-widget-container\">\n\t\t\t\t\t<div class=\"ot-heading is-dots\">\r\n\t        \t        <h2 class=\"main-heading\">Estudios, naves y edificios de oficinas<\/h2>\t    <\/div>\r\n\t    \t\t<\/div>\n\t\t\t\t<\/div>\n\t\t\t\t<div class=\"elementor-element elementor-element-7a1bd6c elementor-widget elementor-widget-text-editor\" data-id=\"7a1bd6c\" data-element_type=\"widget\" data-widget_type=\"text-editor.default\">\n\t\t\t\t<div class=\"elementor-widget-container\">\n\t\t\t\t\t\t\t<p>Estudios de entre 2.350 m2 y 2.800 m2 construidos, que suponen una superficie \u00fatil de grabaci\u00f3n de 1.500 m2 y 2.000 m2, cada uno de ellos puede funcionar de manera independiente.<\/p>\n<p>El hub cuenta con 12 naves, cada una de ellas con una superficie aproximada de 800 m2, divididas en dos plantas.<\/p>\t\t\t\t\t\t<\/div>\n\t\t\t\t<\/div>\n\t\t\t\t\t<\/div>\n\t\t<\/div>\n\t\t\t\t\t<\/div>\n\t\t<\/section>\n\t\t\t\t\t<\/div>\n\t\t<\/div>\n\t\t\t\t<div class=\"elementor-column elementor-col-50 elementor-top-column elementor-element elementor-element-9b0100e ot-flex-column-vertical\" data-id=\"9b0100e\" data-element_type=\"column\">\n\t\t\t<div class=\"elementor-widget-wrap elementor-element-populated\">\n\t\t\t\t\t\t<div class=\"elementor-element elementor-element-2f2b1ad elementor-widget elementor-widget-image\" data-id=\"2f2b1ad\" data-element_type=\"widget\" data-widget_type=\"image.default\">\n\t\t\t\t<div class=\"elementor-widget-container\">\n\t\t\t\t\t\t\t\t\t\t\t\t\t<img fetchpriority=\"high\" decoding=\"async\" width=\"2560\" height=\"1132\" src=\"https:\/\/madridcontentcity.com\/wp-content\/uploads\/2024\/11\/DSC07995-scaled.jpg\" class=\"attachment-full size-full wp-image-6449\" alt=\"\" srcset=\"https:\/\/madridcontentcity.com\/wp-content\/uploads\/2024\/11\/DSC07995-scaled.jpg 2560w, https:\/\/madridcontentcity.com\/wp-content\/uploads\/2024\/11\/DSC07995-300x133.jpg 300w, https:\/\/madridcontentcity.com\/wp-content\/uploads\/2024\/11\/DSC07995-1024x453.jpg 1024w, https:\/\/madridcontentcity.com\/wp-content\/uploads\/2024\/11\/DSC07995-768x340.jpg 768w, https:\/\/madridcontentcity.com\/wp-content\/uploads\/2024\/11\/DSC07995-1536x679.jpg 1536w, https:\/\/madridcontentcity.com\/wp-content\/uploads\/2024\/11\/DSC07995-2048x905.jpg 2048w, https:\/\/madridcontentcity.com\/wp-content\/uploads\/2024\/11\/DSC07995-18x8.jpg 18w\" sizes=\"(max-width: 2560px) 100vw, 2560px\" \/>\t\t\t\t\t\t\t\t\t\t\t\t\t<\/div>\n\t\t\t\t<\/div>\n\t\t\t\t\t<\/div>\n\t\t<\/div>\n\t\t\t\t\t<\/div>\n\t\t<\/section>\n\t\t\t\t<section class=\"elementor-section elementor-top-section elementor-element elementor-element-4dce02e elementor-section-full_width elementor-section-content-middle elementor-reverse-tablet elementor-reverse-mobile elementor-section-height-default elementor-section-height-default\" data-id=\"4dce02e\" data-element_type=\"section\">\n\t\t\t\t\t\t<div class=\"elementor-container elementor-column-gap-no\">\n\t\t\t\t\t<div class=\"elementor-column elementor-col-50 elementor-top-column elementor-element elementor-element-079ee92 ot-flex-column-vertical\" data-id=\"079ee92\" data-element_type=\"column\">\n\t\t\t<div class=\"elementor-widget-wrap elementor-element-populated\">\n\t\t\t\t\t\t<div class=\"elementor-element elementor-element-2edb1ac elementor-widget elementor-widget-image\" data-id=\"2edb1ac\" data-element_type=\"widget\" data-widget_type=\"image.default\">\n\t\t\t\t<div class=\"elementor-widget-container\">\n\t\t\t\t\t\t\t\t\t\t\t\t\t<img decoding=\"async\" width=\"720\" height=\"720\" src=\"https:\/\/madridcontentcity.com\/wp-content\/uploads\/2024\/09\/universidad-720x720.jpg\" class=\"attachment-theratio-portfolio-thumbnail-grid size-theratio-portfolio-thumbnail-grid wp-image-6019\" alt=\"\" srcset=\"https:\/\/madridcontentcity.com\/wp-content\/uploads\/2024\/09\/universidad-720x720.jpg 720w, https:\/\/madridcontentcity.com\/wp-content\/uploads\/2024\/09\/universidad-300x300.jpg 300w, https:\/\/madridcontentcity.com\/wp-content\/uploads\/2024\/09\/universidad-1024x1024.jpg 1024w, https:\/\/madridcontentcity.com\/wp-content\/uploads\/2024\/09\/universidad-150x150.jpg 150w, https:\/\/madridcontentcity.com\/wp-content\/uploads\/2024\/09\/universidad-768x768.jpg 768w, https:\/\/madridcontentcity.com\/wp-content\/uploads\/2024\/09\/universidad-1536x1536.jpg 1536w, https:\/\/madridcontentcity.com\/wp-content\/uploads\/2024\/09\/universidad-12x12.jpg 12w, https:\/\/madridcontentcity.com\/wp-content\/uploads\/2024\/09\/universidad.jpg 1816w\" sizes=\"(max-width: 720px) 100vw, 720px\" \/>\t\t\t\t\t\t\t\t\t\t\t\t\t<\/div>\n\t\t\t\t<\/div>\n\t\t\t\t\t<\/div>\n\t\t<\/div>\n\t\t\t\t<div class=\"elementor-column elementor-col-50 elementor-top-column elementor-element elementor-element-ed0d1b8 ot-flex-column-vertical\" data-id=\"ed0d1b8\" data-element_type=\"column\" data-settings=\"{&quot;background_background&quot;:&quot;classic&quot;}\">\n\t\t\t<div class=\"elementor-widget-wrap elementor-element-populated\">\n\t\t\t\t\t\t<section class=\"elementor-section elementor-inner-section elementor-element elementor-element-7ee38f7 elementor-section-boxed elementor-section-height-default elementor-section-height-default\" data-id=\"7ee38f7\" data-element_type=\"section\">\n\t\t\t\t\t\t<div class=\"elementor-container elementor-column-gap-default\">\n\t\t\t\t\t<div class=\"elementor-column elementor-col-100 elementor-inner-column elementor-element elementor-element-38d1f95 ot-flex-column-vertical\" data-id=\"38d1f95\" data-element_type=\"column\">\n\t\t\t<div class=\"elementor-widget-wrap elementor-element-populated\">\n\t\t\t\t\t\t<div class=\"elementor-element elementor-element-fc58ef7 elementor-widget elementor-widget-iheading\" data-id=\"fc58ef7\" data-element_type=\"widget\" data-widget_type=\"iheading.default\">\n\t\t\t\t<div class=\"elementor-widget-container\">\n\t\t\t\t\t<div class=\"ot-heading is-dots\">\r\n\t        \t        <h2 class=\"main-heading\">Universidad y residencia de estudiantes<\/h2>\t    <\/div>\r\n\t    \t\t<\/div>\n\t\t\t\t<\/div>\n\t\t\t\t<div class=\"elementor-element elementor-element-9d9fcbe elementor-widget elementor-widget-text-editor\" data-id=\"9d9fcbe\" data-element_type=\"widget\" data-widget_type=\"text-editor.default\">\n\t\t\t\t<div class=\"elementor-widget-container\">\n\t\t\t\t\t\t\t<p>\u201cThe Core\u201d, Escuela Superior de Ciencias del Entretenimiento, unifica en una sola entidad un centro de formaci\u00f3n profesional y una escuela universitaria, donde se imparten grados, m\u00e1steres y bootcamps orientados a las industrias creativas y audiovisuales.<\/p><p>La residencia de estudiantes, en fase de desarrollo, fomenta la interacci\u00f3n de los residentes mediante la disposici\u00f3n de las zonas comunes y las actividades previstas en ellas. Cuenta con salas de estudio, \u00e1reas de convivencia, cocinas comunitarias y espacios especializados para los estudios audiovisual. La cubierta disponde de un amplio \u00abroof garden\u00bb con zonas verdes y piscina.<\/p>\t\t\t\t\t\t<\/div>\n\t\t\t\t<\/div>\n\t\t\t\t\t<\/div>\n\t\t<\/div>\n\t\t\t\t\t<\/div>\n\t\t<\/section>\n\t\t\t\t\t<\/div>\n\t\t<\/div>\n\t\t\t\t\t<\/div>\n\t\t<\/section>\n\t\t\t\t<section class=\"elementor-section elementor-top-section elementor-element elementor-element-9d297c1 elementor-section-boxed elementor-section-height-default elementor-section-height-default\" data-id=\"9d297c1\" data-element_type=\"section\">\n\t\t\t\t\t\t<div class=\"elementor-container elementor-column-gap-extended\">\n\t\t\t\t\t<div class=\"elementor-column elementor-col-50 elementor-top-column elementor-element elementor-element-bbae136 ot-flex-column-vertical\" data-id=\"bbae136\" data-element_type=\"column\">\n\t\t\t<div class=\"elementor-widget-wrap elementor-element-populated\">\n\t\t\t\t\t\t<div class=\"elementor-element elementor-element-bdcbad3 elementor-widget elementor-widget-iheading\" data-id=\"bdcbad3\" data-element_type=\"widget\" data-widget_type=\"iheading.default\">\n\t\t\t\t<div class=\"elementor-widget-container\">\n\t\t\t\t\t<div class=\"ot-heading is-dots\">\r\n\t        \t        <h2 class=\"main-heading\">Restaurantes, gimnasio, supermercado y estaci\u00f3n de servicio<\/h2>\t    <\/div>\r\n\t    \t\t<\/div>\n\t\t\t\t<\/div>\n\t\t\t\t<div class=\"elementor-element elementor-element-caeb76f elementor-widget elementor-widget-text-editor\" data-id=\"caeb76f\" data-element_type=\"widget\" data-widget_type=\"text-editor.default\">\n\t\t\t\t<div class=\"elementor-widget-container\">\n\t\t\t\t\t\t\t<p>Espacio destinado para cubrir la demanda de todas las personas que visiten Madrid Content City. Se compone de 11 restaurantes con amplias terrazas, espacios verdes compartidos y parking para un total de 2.500 m2.<\/p><p>\u00a0<\/p>\t\t\t\t\t\t<\/div>\n\t\t\t\t<\/div>\n\t\t\t\t\t<\/div>\n\t\t<\/div>\n\t\t\t\t<div class=\"elementor-column elementor-col-50 elementor-top-column elementor-element elementor-element-19d904b ot-flex-column-vertical\" data-id=\"19d904b\" data-element_type=\"column\">\n\t\t\t<div class=\"elementor-widget-wrap elementor-element-populated\">\n\t\t\t\t\t\t<div class=\"elementor-element elementor-element-465edf4 elementor-widget elementor-widget-image\" data-id=\"465edf4\" data-element_type=\"widget\" data-widget_type=\"image.default\">\n\t\t\t\t<div class=\"elementor-widget-container\">\n\t\t\t\t\t\t\t\t\t\t\t\t\t<img decoding=\"async\" width=\"1920\" height=\"1080\" src=\"https:\/\/madridcontentcity.com\/wp-content\/uploads\/2024\/09\/MEDIDAS-WEB-42.jpg\" class=\"attachment-full size-full wp-image-5570\" alt=\"\" srcset=\"https:\/\/madridcontentcity.com\/wp-content\/uploads\/2024\/09\/MEDIDAS-WEB-42.jpg 1920w, https:\/\/madridcontentcity.com\/wp-content\/uploads\/2024\/09\/MEDIDAS-WEB-42-300x169.jpg 300w, https:\/\/madridcontentcity.com\/wp-content\/uploads\/2024\/09\/MEDIDAS-WEB-42-1024x576.jpg 1024w, https:\/\/madridcontentcity.com\/wp-content\/uploads\/2024\/09\/MEDIDAS-WEB-42-768x432.jpg 768w, https:\/\/madridcontentcity.com\/wp-content\/uploads\/2024\/09\/MEDIDAS-WEB-42-1536x864.jpg 1536w, https:\/\/madridcontentcity.com\/wp-content\/uploads\/2024\/09\/MEDIDAS-WEB-42-18x10.jpg 18w\" sizes=\"(max-width: 1920px) 100vw, 1920px\" \/>\t\t\t\t\t\t\t\t\t\t\t\t\t<\/div>\n\t\t\t\t<\/div>\n\t\t\t\t\t<\/div>\n\t\t<\/div>\n\t\t\t\t\t<\/div>\n\t\t<\/section>\n\t\t\t\t<section class=\"elementor-section elementor-top-section elementor-element elementor-element-b2be024 has-lines-vertical has-lines-vertical-center elementor-section-boxed elementor-section-height-default elementor-section-height-default\" data-id=\"b2be024\" data-element_type=\"section\">\n\t\t\t\t\t\t<div class=\"elementor-container elementor-column-gap-default\">\n\t\t\t\t\t<div class=\"elementor-column elementor-col-100 elementor-top-column elementor-element elementor-element-cbeff9f ot-flex-column-vertical\" data-id=\"cbeff9f\" data-element_type=\"column\">\n\t\t\t<div class=\"elementor-widget-wrap elementor-element-populated\">\n\t\t\t\t\t\t<div class=\"elementor-element elementor-element-50e2be5 theratio-align-center elementor-widget elementor-widget-iheading\" data-id=\"50e2be5\" data-element_type=\"widget\" data-widget_type=\"iheading.default\">\n\t\t\t\t<div class=\"elementor-widget-container\">\n\t\t\t\t\t<div class=\"ot-heading is-dots\">\r\n\t        \t        <h2 class=\"main-heading\">Cuidado en cada detalle<\/h2>\t    <\/div>\r\n\t    \t\t<\/div>\n\t\t\t\t<\/div>\n\t\t\t\t\t<\/div>\n\t\t<\/div>\n\t\t\t\t\t<\/div>\n\t\t<\/section>\n\t\t<div class=\"elementor-element elementor-element-030a7d9 e-flex e-con-boxed e-con e-parent\" data-id=\"030a7d9\" data-element_type=\"container\">\n\t\t\t\t\t<div class=\"e-con-inner\">\n\t\t\t\t<div class=\"elementor-element elementor-element-93713b4 elementor-widget__width-inherit elementor-widget elementor-widget-html\" data-id=\"93713b4\" data-element_type=\"widget\" data-widget_type=\"html.default\">\n\t\t\t\t<div class=\"elementor-widget-container\">\n\t\t\t<iframe src=\"https:\/\/mapplic.com\/m\/pHhd3cPGL4DG9X1OmNuM\" style=\"height:750px;\"><\/iframe>\r\n\r\n\t\t<\/div>\n\t\t\t\t<\/div>\n\t\t\t\t\t<\/div>\n\t\t\t\t<\/div>\n\t\t\t\t<section class=\"elementor-section elementor-top-section elementor-element elementor-element-2f97853 has-lines-vertical has-lines-vertical-center elementor-section-boxed elementor-section-height-default elementor-section-height-default\" data-id=\"2f97853\" data-element_type=\"section\">\n\t\t\t\t\t\t<div class=\"elementor-container elementor-column-gap-default\">\n\t\t\t\t\t<div class=\"elementor-column elementor-col-100 elementor-top-column elementor-element elementor-element-5b81c30 ot-flex-column-vertical\" data-id=\"5b81c30\" data-element_type=\"column\">\n\t\t\t<div class=\"elementor-widget-wrap elementor-element-populated\">\n\t\t\t\t\t\t<div class=\"elementor-element elementor-element-8e5515f theratio-align-center elementor-widget elementor-widget-iheading\" data-id=\"8e5515f\" data-element_type=\"widget\" data-widget_type=\"iheading.default\">\n\t\t\t\t<div class=\"elementor-widget-container\">\n\t\t\t\t\t<div class=\"ot-heading\">\r\n\t        \t        <h4 class=\"main-heading\">Detalle de las Instalaciones<\/h4>\t    <\/div>\r\n\t    \t\t<\/div>\n\t\t\t\t<\/div>\n\t\t\t\t\t<\/div>\n\t\t<\/div>\n\t\t\t\t\t<\/div>\n\t\t<\/section>\n\t\t<div class=\"elementor-element elementor-element-fee0f8d e-flex e-con-boxed e-con e-parent\" data-id=\"fee0f8d\" data-element_type=\"container\">\n\t\t\t\t\t<div class=\"e-con-inner\">\n\t\t\t\t<div class=\"elementor-element elementor-element-ff6245f elementor-pagination-type-bullets elementor-arrows-position-inside elementor-pagination-position-outside elementor-widget elementor-widget-loop-carousel\" data-id=\"ff6245f\" data-element_type=\"widget\" data-settings=\"{&quot;template_id&quot;:&quot;4722&quot;,&quot;_skin&quot;:&quot;post&quot;,&quot;slides_to_show&quot;:&quot;3&quot;,&quot;slides_to_show_tablet&quot;:&quot;2&quot;,&quot;slides_to_show_mobile&quot;:&quot;1&quot;,&quot;slides_to_scroll&quot;:&quot;1&quot;,&quot;edit_handle_selector&quot;:&quot;.elementor-widget-container&quot;,&quot;autoplay&quot;:&quot;yes&quot;,&quot;autoplay_speed&quot;:5000,&quot;pause_on_hover&quot;:&quot;yes&quot;,&quot;pause_on_interaction&quot;:&quot;yes&quot;,&quot;infinite&quot;:&quot;yes&quot;,&quot;speed&quot;:500,&quot;offset_sides&quot;:&quot;none&quot;,&quot;arrows&quot;:&quot;yes&quot;,&quot;pagination&quot;:&quot;bullets&quot;,&quot;image_spacing_custom&quot;:{&quot;unit&quot;:&quot;px&quot;,&quot;size&quot;:10,&quot;sizes&quot;:[]},&quot;image_spacing_custom_tablet&quot;:{&quot;unit&quot;:&quot;px&quot;,&quot;size&quot;:&quot;&quot;,&quot;sizes&quot;:[]},&quot;image_spacing_custom_mobile&quot;:{&quot;unit&quot;:&quot;px&quot;,&quot;size&quot;:&quot;&quot;,&quot;sizes&quot;:[]}}\" data-widget_type=\"loop-carousel.post\">\n\t\t\t\t<div class=\"elementor-widget-container\">\n\t\t\t\t\t<div class=\"e-loop-nothing-found-message\">\n\t\t<\/div>\n\t\t\t\t<\/div>\n\t\t\t\t<\/div>\n\t\t\t\t\t<\/div>\n\t\t\t\t<\/div>\n\t\t\t\t<\/div>","protected":false},"excerpt":{"rendered":"<p>Las mejores instalaciones para la producci\u00f3n audiovisual we will help you to build a dream 01. Estudios, naves y edificios de oficinas 02. Universidad y residencia de estudiantes 03. Restaurantes, gimnasio y servicios auxiliares Estudios, naves y edificios de oficinas Estudios de entre 2.350 m2 y 2.800 m2 construidos, que suponen una superficie \u00fatil de [&hellip;]<\/p>","protected":false},"author":2,"featured_media":0,"parent":0,"menu_order":0,"comment_status":"closed","ping_status":"closed","template":"elementor_theme","meta":{"_acf_changed":false,"footnotes":""},"class_list":["post-5931","page","type-page","status-publish","hentry"],"acf":[],"_links":{"self":[{"href":"https:\/\/madridcontentcity.com\/en\/wp-json\/wp\/v2\/pages\/5931"}],"collection":[{"href":"https:\/\/madridcontentcity.com\/en\/wp-json\/wp\/v2\/pages"}],"about":[{"href":"https:\/\/madridcontentcity.com\/en\/wp-json\/wp\/v2\/types\/page"}],"author":[{"embeddable":true,"href":"https:\/\/madridcontentcity.com\/en\/wp-json\/wp\/v2\/users\/2"}],"replies":[{"embeddable":true,"href":"https:\/\/madridcontentcity.com\/en\/wp-json\/wp\/v2\/comments?post=5931"}],"version-history":[{"count":167,"href":"https:\/\/madridcontentcity.com\/en\/wp-json\/wp\/v2\/pages\/5931\/revisions"}],"predecessor-version":[{"id":6993,"href":"https:\/\/madridcontentcity.com\/en\/wp-json\/wp\/v2\/pages\/5931\/revisions\/6993"}],"wp:attachment":[{"href":"https:\/\/madridcontentcity.com\/en\/wp-json\/wp\/v2\/media?parent=5931"}],"curies":[{"name":"wp","href":"https:\/\/api.w.org\/{rel}","templated":true}]}}