{"id":6476,"date":"2024-11-22T16:30:31","date_gmt":"2024-11-22T15:30:31","guid":{"rendered":"https:\/\/madridcontentcity.com\/?page_id=6476"},"modified":"2024-11-22T16:49:25","modified_gmt":"2024-11-22T15:49:25","slug":"politica-de-privacidad","status":"publish","type":"page","link":"https:\/\/madridcontentcity.com\/en\/politica-de-privacidad\/","title":{"rendered":"Pol\u00edtica de Privacidad"},"content":{"rendered":"<div data-elementor-type=\"wp-page\" data-elementor-id=\"6476\" class=\"elementor elementor-6476\" data-elementor-post-type=\"page\">\n\t\t\t\t<div class=\"elementor-element elementor-element-4021c0b0 e-flex e-con-boxed e-con e-parent\" data-id=\"4021c0b0\" data-element_type=\"container\">\n\t\t\t\t\t<div class=\"e-con-inner\">\n\t\t\t\t<div class=\"elementor-element elementor-element-5b5c8b9b elementor-widget elementor-widget-text-editor\" data-id=\"5b5c8b9b\" data-element_type=\"widget\" data-widget_type=\"text-editor.default\">\n\t\t\t\t<div class=\"elementor-widget-container\">\n\t\t\t\t\t\t\t<p><strong>\u00bfQui\u00e9n es el responsable del tratamiento de sus datos?<br \/><\/strong>Titular: ROOTS DESARROLLOS CONSTRUCTIVOS, S.L. (en adelante, \u201cROOTS\u201d)<br \/>Domicilio: Avenida de Espa\u00f1a n\u00ba4 28760 \u2013 Tres Cantos (Madrid)<br \/>NIF: B88354378.<\/p>\n<p><strong>\u00bfCon qu\u00e9 finalidades vamos a tratar sus datos personales?<\/strong><br \/>ROOTS DESARROLLOS CONSTRUCTIVOS, S.L. (en adelante ROOTS) tratar\u00e1 los datos del usuario de manera automatizada y\/o manual para las siguientes finalidades:<\/p>\n<ul>\n<li>Gestionar las solicitudes de informaci\u00f3n y consulta recibidas a trav\u00e9s de nuestro formulario de contacto online.<\/li>\n<li>Env\u00edo de comunicaciones comerciales.<\/li>\n<\/ul>\n<p><strong>\u00bfCu\u00e1l es la legitimaci\u00f3n para el tratamiento de sus datos?<\/strong><br \/>La base jur\u00eddica en que se funda el tratamiento de sus datos es la obtenci\u00f3n de su consentimiento inequ\u00edvoco de acuerdo con lo establecido en el art\u00edculo 6.1.a del Reglamento (UE) 679\/2016 para la gesti\u00f3n de la solicitud de contacto entendiendo su consentimiento mediante el bot\u00f3n de SUBMIT, as\u00ed como para la finalidad del env\u00edo de comunicaciones comerciales mediante la aceptaci\u00f3n del checkbox.<\/p>\n<p><strong>\u00bfA qu\u00e9 destinatarios le comunicaremos sus datos?<\/strong><br \/>No vamos a compartir su informaci\u00f3n personal con nadie, excepto para el cumplimiento de una obligaci\u00f3n legal o en caso de que contemos con su autorizaci\u00f3n expresa. Tampoco utilizaremos sus datos personales con una finalidad diferente a la expresada en esta pol\u00edtica de privacidad y en los formularios de recogida de consentimiento. Por lo tanto, todas aquellas cesiones de datos que se efect\u00faen se har\u00e1n bajo el marco de protecci\u00f3n indicado por la Agencia Espa\u00f1ola de Protecci\u00f3n de Datos, o siempre y cuando est\u00e9n consentidas expresamente por el Usuario y a los pa\u00edses cuya seguridad y confidencialidad est\u00e9 garantizada.<\/p>\n<p><strong>\u00bfDurante qu\u00e9 plazo almacenaremos sus datos?<\/strong><br \/>Trataremos sus datos, siempre y cuando sean necesarios para la finalidad para los que fueron recogidos, mientras no revoque los consentimientos otorgados y durante el tiempo establecido por una obligaci\u00f3n legal.<\/p>\n<p><strong>\u00bfMe enviar\u00e1n comunicaciones y promociones comerciales?<\/strong><br \/>La WEB no realiza pr\u00e1cticas de SPAM, por lo que no env\u00eda correos comerciales por v\u00eda electr\u00f3nica que no hayan sido previamente solicitados o autorizados por el Usuario. En consecuencia, en cada uno de los formularios existentes en la WEB, el Usuario tiene la posibilidad de dar su consentimiento expreso para recibir dicha informaci\u00f3n, con independencia de la informaci\u00f3n comercial puntualmente solicitada.<\/p>\n<p><strong>\u00bfSe permite el uso de los servicios de Roots a los menores de edad?<\/strong><br \/>Los menores de edad no est\u00e1n autorizados a contratar la adquisici\u00f3n de servicios ofrecidos por ROOTS, quedando restringida esta posibilidad a aquellos individuos con edad igual o superior a los 18 a\u00f1os.<\/p>\n<p><strong>\u00bfC\u00f3mo se protegen los datos personales?<\/strong><br \/>Con el objetivo de salvaguardar la seguridad de sus datos personales, le informamos que hemos adoptado todas las medidas de \u00edndole t\u00e9cnica y organizativa necesarias adecuadas para garantizar la seguridad de la transmisi\u00f3n, recogida, almacenamiento y divulgaci\u00f3n de los datos personales suministrados con car\u00e1cter preventivo y reactivo frente a situaciones de riesgo de alteraci\u00f3n, p\u00e9rdida, y tratamientos o accesos no autorizados.<\/p>\n<p><strong>\u00bfCu\u00e1les son los derechos que puede ejercer?<\/strong><br \/>Una vez que, como Usuario de la WEB nos ha facilitado sus datos personales, la legislaci\u00f3n vigente le permite como interesado de sus datos:<\/p>\n<ul>\n<li>Solicitar el acceso a los datos personales relativos al interesado, pudiendo conocer si estamos tratando sus datos de car\u00e1cter personal y acceder a sus datos personales.<\/li>\n<li>Solicitar la rectificaci\u00f3n de los datos en caso de que fuesen inexactos.<\/li>\n<li>Solicitar la supresi\u00f3n de sus datos en la medida en que ya no son necesarios para la finalidad que se comunic\u00f3, o en el caso de que ya no contemos con la legitimaci\u00f3n necesaria para continuar con su tratamiento.<\/li>\n<li>Solicitar la limitaci\u00f3n de su tratamiento, en algunos supuestos, por lo que podremos suspender el tratamiento temporalmente o que los conservemos m\u00e1s all\u00e1 del tiempo establecido cuando puedas necesitarlo.<\/li>\n<li>Oponerse al tratamiento de aquella informaci\u00f3n que nos ha facilitado, salvo que existan motivos leg\u00edtimos imperiosos para que el tratamiento prevalezca.<\/li>\n<li>A revocar el consentimiento para cada finalidad espec\u00edfica, sin que ello afecte a la licitud del tratamiento basado en el consentimiento expreso.<\/li>\n<li>Solicitar la portabilidad de los datos, que le ser\u00e1n facilitados en un formato estructurado, de uso com\u00fan o lectura mec\u00e1nica.<\/li>\n<li>A presentar una reclamaci\u00f3n ante la Agencia Espa\u00f1ola de Protecci\u00f3n de Datos o autoridad de control competente, si cree que no le hemos atendido correctamente.<\/li>\n<\/ul>\n<p><strong>\u00bfC\u00f3mo puede ejercer sus derechos?<\/strong><br \/>Disponemos de formularios para el ejercicio de sus derechos, que puede solicitarnos v\u00eda email o mediante correo postal. Si lo prefiere, puede usar los formularios elaborados por la Agencia Espa\u00f1ola de Protecci\u00f3n de Datos o la autoridad competente.<\/p>\n<p>Estos formularios deben ir firmados electr\u00f3nicamente o ser acompa\u00f1ados de la fotocopia del DNI en vigor.<\/p>\n<p>En el caso de representaci\u00f3n debe adjuntarnos copia del DNI vigente del representante junto con su solicitud.<\/p>\n<p>Los formularios pueden ser presentados por correo postal a la direcci\u00f3n indicada en el comienzo de la presente pol\u00edtica, o enviando un mail lopd@rootsrealstate.es<\/p>\n<p><strong>\u00bfCu\u00e1l es el tiempo establecido para dar soluci\u00f3n al ejercicio de derechos?<\/strong><br \/>Le informaremos sobre las actuaciones derivadas de su petici\u00f3n en el plazo de un mes que podr\u00e1 extenderse dos meses m\u00e1s cuando se trate de solicitudes especialmente complejas y le notificaremos dicha ampliaci\u00f3n dentro del primer mes.<\/p>\n<p>En aquellos casos que no atendamos su solicitud, le informaremos de ello, motivando su negativa dentro del plazo de un mes desde su presentaci\u00f3n.<\/p>\n<p><strong>\u00bfSe pueden producir cambios en la politica de privacidad?<\/strong><br \/>ROOTS se reserva el derecho a modificar la presente pol\u00edtica para adaptarla a novedades legislativas o jurisprudenciales, as\u00ed como a pr\u00e1cticas de la industria. En dichos supuestos, el Prestador anunciar\u00e1 en esta p\u00e1gina WEB los cambios introducidos con razonable antelaci\u00f3n a su puesta en pr\u00e1ctica.<\/p>\t\t\t\t\t\t<\/div>\n\t\t\t\t<\/div>\n\t\t\t\t\t<\/div>\n\t\t\t\t<\/div>\n\t\t\t\t<\/div>","protected":false},"excerpt":{"rendered":"<p>\u00bfQui\u00e9n es el responsable del tratamiento de sus datos?Titular: ROOTS DESARROLLOS CONSTRUCTIVOS, S.L. (en adelante, \u201cROOTS\u201d)Domicilio: Avenida de Espa\u00f1a n\u00ba4 28760 \u2013 Tres Cantos (Madrid)NIF: B88354378. \u00bfCon qu\u00e9 finalidades vamos a tratar sus datos personales?ROOTS DESARROLLOS CONSTRUCTIVOS, S.L. (en adelante ROOTS) tratar\u00e1 los datos del usuario de manera automatizada y\/o manual para las siguientes finalidades: [&hellip;]<\/p>","protected":false},"author":2,"featured_media":0,"parent":0,"menu_order":0,"comment_status":"closed","ping_status":"closed","template":"elementor_theme","meta":{"_acf_changed":false,"footnotes":""},"class_list":["post-6476","page","type-page","status-publish","hentry"],"acf":[],"_links":{"self":[{"href":"https:\/\/madridcontentcity.com\/en\/wp-json\/wp\/v2\/pages\/6476"}],"collection":[{"href":"https:\/\/madridcontentcity.com\/en\/wp-json\/wp\/v2\/pages"}],"about":[{"href":"https:\/\/madridcontentcity.com\/en\/wp-json\/wp\/v2\/types\/page"}],"author":[{"embeddable":true,"href":"https:\/\/madridcontentcity.com\/en\/wp-json\/wp\/v2\/users\/2"}],"replies":[{"embeddable":true,"href":"https:\/\/madridcontentcity.com\/en\/wp-json\/wp\/v2\/comments?post=6476"}],"version-history":[{"count":37,"href":"https:\/\/madridcontentcity.com\/en\/wp-json\/wp\/v2\/pages\/6476\/revisions"}],"predecessor-version":[{"id":6516,"href":"https:\/\/madridcontentcity.com\/en\/wp-json\/wp\/v2\/pages\/6476\/revisions\/6516"}],"wp:attachment":[{"href":"https:\/\/madridcontentcity.com\/en\/wp-json\/wp\/v2\/media?parent=6476"}],"curies":[{"name":"wp","href":"https:\/\/api.w.org\/{rel}","templated":true}]}}