{"id":6517,"date":"2024-11-22T16:51:35","date_gmt":"2024-11-22T15:51:35","guid":{"rendered":"https:\/\/madridcontentcity.com\/?page_id=6517"},"modified":"2024-11-22T17:11:16","modified_gmt":"2024-11-22T16:11:16","slug":"politica-de-cookies","status":"publish","type":"page","link":"https:\/\/madridcontentcity.com\/en\/politica-de-cookies\/","title":{"rendered":"Pol\u00edtica de Cookies"},"content":{"rendered":"<div data-elementor-type=\"wp-page\" data-elementor-id=\"6517\" class=\"elementor elementor-6517\" data-elementor-post-type=\"page\">\n\t\t\t\t<div class=\"elementor-element elementor-element-4021c0b0 e-flex e-con-boxed e-con e-parent\" data-id=\"4021c0b0\" data-element_type=\"container\">\n\t\t\t\t\t<div class=\"e-con-inner\">\n\t\t\t\t<div class=\"elementor-element elementor-element-5b5c8b9b elementor-widget elementor-widget-text-editor\" data-id=\"5b5c8b9b\" data-element_type=\"widget\" data-widget_type=\"text-editor.default\">\n\t\t\t\t<div class=\"elementor-widget-container\">\n\t\t\t\t\t\t\t<p><strong>Concepto de Cookies<br \/><\/strong>Una cookie es un fichero que se descarga en su ordenador, tablet, smartphone o cualquier otro dispositivo al acceder a determinadas p\u00e1ginas web. Las cookies permiten a una p\u00e1gina web, entre otras cosas, almacenar y recuperar informaci\u00f3n sobre los h\u00e1bitos de navegaci\u00f3n de un Usuario o de su equipo y, dependiendo de la informaci\u00f3n que contengan y de la forma en que utilice su equipo, pueden utilizarse para reconocer al Usuario. En ning\u00fan caso las cookies podr\u00edan da\u00f1ar su equipo. Por contra, el que est\u00e9n activas nos ayuda a identificar y resolver los posibles errores.<\/p><p><strong>\u00bfQu\u00e9 tipos de cookies existen?<\/strong><br \/>Las cookies pueden ser clasificadas por categor\u00edas con base en diferentes criterios. A<br \/>continuaci\u00f3n, se ofrece informaci\u00f3n de los diferentes tipos de cookies que existen:<\/p><p><strong>Entidad que las gestiona<\/strong><br \/><em>Cookies Propias<\/em><br \/>Son generadas y enviadas por el sitio web visitado al terminal, equipo o dispositivo del usuario. Gestionadas por el editor del sitio web.<\/p><p><em>Cookies de Terceros<\/em><br \/>Son generadas y enviadas al terminal, equipo o dispositivo del Usuario por entidades ajenas al sitio web visitado y que tratan y gestionan los datos e informaci\u00f3n obtenidos en virtud de estas cookies.<\/p><p><strong>Plazo de tiempo de activaci\u00f3n<\/strong><br \/><em>De sesi\u00f3n<\/em><br \/>Recaban informaci\u00f3n y almacenan datos el tiempo que dure el acceso al sitio web (sesi\u00f3n). Una vez el Usuario abandone el portal, se eliminan autom\u00e1ticamente.<\/p><p><em>Persistentes<\/em><br \/>La informaci\u00f3n y datos que recaban estas cookies permanecen en el terminal, equipo o dispositivo del Usuario por un periodo de tiempo definido por el responsable de estas, lo cual habilita el acceso a los datos y su tratamiento en el marco temporal determinado.<\/p><p><strong>Finalidad<\/strong><br \/><em>Cookies de an\u00e1lisis o medici\u00f3n<\/em><br \/>Permiten cuantificar el n\u00famero de Usuario os y as\u00ed realizar la medici\u00f3n de la actividad del sitio web a trav\u00e9s del an\u00e1lisis del uso que hacen los Usuarios del servicio en funci\u00f3n de su comportamiento en la navegaci\u00f3n.<\/p><p><em>Cookies t\u00e9cnicas<\/em><br \/>Requeridas para el funcionamiento, mantenimiento y gesti\u00f3n de la p\u00e1gina o p\u00e1ginas de un sitio web (control del tr\u00e1fico web y el flujo de comunicaci\u00f3n de los datos, identificar la sesi\u00f3n, acceso a elementos de acceso restringido, presentar solicitudes, almacenamiento de contenidos, etc). No requieren el consentimiento del Usuario.<\/p><p><em>Cookies de personalizaci\u00f3n<\/em><br \/>Permiten establecer una memoria de ciertas caracter\u00edsticas del sitio web a partir de la selecci\u00f3n del Usuario, como pueden ser el idioma, el \u00e1rea geogr\u00e1fica, el tipo de navegador, limitar el n\u00famero de resultados a mostrar en la b\u00fasqueda, entre otras, para obtener una experiencia de navegaci\u00f3n personalizada.<\/p><p><em>Cookies de Publicidad Comportamental<\/em><br \/>Almacenan informaci\u00f3n del comportamiento de los visitantes obtenida a trav\u00e9s de la observaci\u00f3n continuada de sus h\u00e1bitos de navegaci\u00f3n, lo que permite desarrollar un perfil espec\u00edfico para mostrar avisos publicitarios personalizados.<\/p><p><strong>Tipos de Cookies utilizados por Roots Desarrollos Constructivos, S.L.<\/strong><br \/>A continuaci\u00f3n, explicamos qu\u00e9 cookies utilizan las p\u00e1ginas del sitio web de https:\/\/www.madridcontentcity.com, su finalidad y caracter\u00edsticas.<\/p><p><em>Cookies estrictamente necesarias<\/em><br \/>ROOTS DESARROLLOS CONSTRUCTIVOS, S.L (en adelante ROOTS), utiliza cookies propias t\u00e9cnicas que no requieren el consentimiento del Usuario por estar exceptuadas de las obligaciones establecidas en el art\u00edculo 22 de la Ley 34\/2002, de 11 de julio de Servicios de la Sociedad de Informaci\u00f3n y Comercio Electr\u00f3nico (LSSI).<\/p><ul><li>moove_gdpr_popup: Controlar la visualizaci\u00f3n del banner de cookeis por 1 a\u00f1o<\/li><\/ul><p><strong>Revocaci\u00f3n y Eliminaci\u00f3n de Cookies<\/strong><br \/>En cualquier caso, le informamos de que puede eliminar, bloquear o deshabilitar las cookies en cualquier momento modificando la configuraci\u00f3n de su navegador, que le permitir\u00e1 rechazar la instalaci\u00f3n de todas las cookies o de algunas de ellas. Si elimina todas las cookies de este sitio web, a trav\u00e9s de su navegador, borrar\u00e1 tambi\u00e9n las opciones de configuraci\u00f3n que haya elegido sobre nuestras cookies (aceptaci\u00f3n, rechazo o revocaci\u00f3n de su uso).<\/p><p>A continuaci\u00f3n, podr\u00e1 encontrar informaci\u00f3n sobre c\u00f3mo gestionar el uso de cookies en funci\u00f3n del navegador utilizado:<\/p><ul><li>Firefox: https:\/\/support.mozilla.org\/es\/home<\/li><li>Internet Explorer: https:\/\/support.microsoft.com\/es-es\/windows\/eliminar-y-administrar-cookies-168dab11-0753-043d-7c16-ede5947fc64d<\/li><li>Safari: https:\/\/support.apple.com\/es-es\/guide\/safari\/sfri11471\/mac<\/li><li>Microsoft Edge: https:\/\/support.microsoft.com\/es-es\/windows\/microsoft-edge-datos-de-exploraci%C3%B3n-y-privacidad-bb8174ba-9d73-dcf2-9b4a-c582b4e640dd<\/li><li>Chrome: https:\/\/support.google.com\/chrome\/answer\/95647?co=GENIE.Platform%3DDesktop&amp;hl=es<\/li><\/ul><p><strong>Cambios en la Pol\u00edtica de Cookies<\/strong><br \/>Es posible que actualicemos la Pol\u00edtica de Cookies de nuestro sitio web. Por ello, le recomendamos revisar esta pol\u00edtica cada vez que acceda a nuestro sitio web con el objetivo de estar adecuadamente informado sobre c\u00f3mo y para qu\u00e9 usamos las cookies.<\/p>\t\t\t\t\t\t<\/div>\n\t\t\t\t<\/div>\n\t\t\t\t\t<\/div>\n\t\t\t\t<\/div>\n\t\t\t\t<\/div>","protected":false},"excerpt":{"rendered":"<p>Concepto de CookiesUna cookie es un fichero que se descarga en su ordenador, tablet, smartphone o cualquier otro dispositivo al acceder a determinadas p\u00e1ginas web. Las cookies permiten a una p\u00e1gina web, entre otras cosas, almacenar y recuperar informaci\u00f3n sobre los h\u00e1bitos de navegaci\u00f3n de un Usuario o de su equipo y, dependiendo de la [&hellip;]<\/p>","protected":false},"author":2,"featured_media":0,"parent":0,"menu_order":0,"comment_status":"closed","ping_status":"closed","template":"elementor_theme","meta":{"_acf_changed":false,"footnotes":""},"class_list":["post-6517","page","type-page","status-publish","hentry"],"acf":[],"_links":{"self":[{"href":"https:\/\/madridcontentcity.com\/en\/wp-json\/wp\/v2\/pages\/6517"}],"collection":[{"href":"https:\/\/madridcontentcity.com\/en\/wp-json\/wp\/v2\/pages"}],"about":[{"href":"https:\/\/madridcontentcity.com\/en\/wp-json\/wp\/v2\/types\/page"}],"author":[{"embeddable":true,"href":"https:\/\/madridcontentcity.com\/en\/wp-json\/wp\/v2\/users\/2"}],"replies":[{"embeddable":true,"href":"https:\/\/madridcontentcity.com\/en\/wp-json\/wp\/v2\/comments?post=6517"}],"version-history":[{"count":35,"href":"https:\/\/madridcontentcity.com\/en\/wp-json\/wp\/v2\/pages\/6517\/revisions"}],"predecessor-version":[{"id":6553,"href":"https:\/\/madridcontentcity.com\/en\/wp-json\/wp\/v2\/pages\/6517\/revisions\/6553"}],"wp:attachment":[{"href":"https:\/\/madridcontentcity.com\/en\/wp-json\/wp\/v2\/media?parent=6517"}],"curies":[{"name":"wp","href":"https:\/\/api.w.org\/{rel}","templated":true}]}}